{"id":561,"date":"2023-12-29T13:59:20","date_gmt":"2023-12-29T12:59:20","guid":{"rendered":"https:\/\/eleabymira.com\/?page_id=561"},"modified":"2025-10-07T16:09:25","modified_gmt":"2025-10-07T14:09:25","slug":"agent-de-piste-bagagiste","status":"publish","type":"page","link":"https:\/\/eleabymira.com\/index.php\/agent-de-piste-bagagiste\/","title":{"rendered":"Agent de Piste Bagagiste"},"content":{"rendered":"\t\t<div data-elementor-type=\"wp-page\" data-elementor-id=\"561\" class=\"elementor elementor-561\">\n\t\t\t\t\t\t\t<div class=\"elementor-element elementor-element-611060c e-flex e-con-boxed e-con e-parent\" data-id=\"611060c\" data-element_type=\"container\" data-settings=\"{&quot;content_width&quot;:&quot;boxed&quot;}\" data-core-v316-plus=\"true\">\n\t\t\t\t\t<div class=\"e-con-inner\">\n\t\t<div class=\"elementor-element elementor-element-a97cc31 e-con-full e-flex e-con e-child\" data-id=\"a97cc31\" data-element_type=\"container\" data-settings=\"{&quot;content_width&quot;:&quot;full&quot;}\">\n\t\t\t\t<div class=\"elementor-element elementor-element-ae8ddac elementor-widget elementor-widget-heading\" data-id=\"ae8ddac\" data-element_type=\"widget\" data-widget_type=\"heading.default\">\n\t\t\t\t<div class=\"elementor-widget-container\">\n\t\t\t<style>\/*! elementor - v3.18.0 - 20-12-2023 *\/\n.elementor-heading-title{padding:0;margin:0;line-height:1}.elementor-widget-heading .elementor-heading-title[class*=elementor-size-]>a{color:inherit;font-size:inherit;line-height:inherit}.elementor-widget-heading .elementor-heading-title.elementor-size-small{font-size:15px}.elementor-widget-heading .elementor-heading-title.elementor-size-medium{font-size:19px}.elementor-widget-heading .elementor-heading-title.elementor-size-large{font-size:29px}.elementor-widget-heading .elementor-heading-title.elementor-size-xl{font-size:39px}.elementor-widget-heading .elementor-heading-title.elementor-size-xxl{font-size:59px}<\/style><h3 class=\"elementor-heading-title elementor-size-default\">Agent de Piste Bagagiste<\/h3>\t\t<\/div>\n\t\t\t\t<\/div>\n\t\t\t\t<div class=\"elementor-element elementor-element-af2a635 elementor-tabs-view-horizontal elementor-widget elementor-widget-tabs\" data-id=\"af2a635\" data-element_type=\"widget\" data-widget_type=\"tabs.default\">\n\t\t\t\t<div class=\"elementor-widget-container\">\n\t\t\t<style>\/*! elementor - v3.18.0 - 20-12-2023 *\/\n.elementor-widget-tabs.elementor-tabs-view-vertical .elementor-tabs-wrapper{width:25%;flex-shrink:0}.elementor-widget-tabs.elementor-tabs-view-vertical .elementor-tab-desktop-title.elementor-active{border-right-style:none}.elementor-widget-tabs.elementor-tabs-view-vertical .elementor-tab-desktop-title.elementor-active:after,.elementor-widget-tabs.elementor-tabs-view-vertical .elementor-tab-desktop-title.elementor-active:before{height:999em;width:0;right:0;border-right-style:solid}.elementor-widget-tabs.elementor-tabs-view-vertical .elementor-tab-desktop-title.elementor-active:before{top:0;transform:translateY(-100%)}.elementor-widget-tabs.elementor-tabs-view-vertical .elementor-tab-desktop-title.elementor-active:after{top:100%}.elementor-widget-tabs.elementor-tabs-view-horizontal .elementor-tab-desktop-title{display:table-cell}.elementor-widget-tabs.elementor-tabs-view-horizontal .elementor-tab-desktop-title.elementor-active{border-bottom-style:none}.elementor-widget-tabs.elementor-tabs-view-horizontal .elementor-tab-desktop-title.elementor-active:after,.elementor-widget-tabs.elementor-tabs-view-horizontal .elementor-tab-desktop-title.elementor-active:before{bottom:0;height:0;width:999em;border-bottom-style:solid}.elementor-widget-tabs.elementor-tabs-view-horizontal .elementor-tab-desktop-title.elementor-active:before{right:100%}.elementor-widget-tabs.elementor-tabs-view-horizontal .elementor-tab-desktop-title.elementor-active:after{left:100%}.elementor-widget-tabs .elementor-tab-content,.elementor-widget-tabs .elementor-tab-title,.elementor-widget-tabs .elementor-tab-title:after,.elementor-widget-tabs .elementor-tab-title:before,.elementor-widget-tabs .elementor-tabs-content-wrapper{border:1px #d5d8dc}.elementor-widget-tabs .elementor-tabs{text-align:left}.elementor-widget-tabs .elementor-tabs-wrapper{overflow:hidden}.elementor-widget-tabs .elementor-tab-title{cursor:pointer;outline:var(--focus-outline,none)}.elementor-widget-tabs .elementor-tab-desktop-title{position:relative;padding:20px 25px;font-weight:700;line-height:1;border:solid transparent}.elementor-widget-tabs .elementor-tab-desktop-title.elementor-active{border-color:#d5d8dc}.elementor-widget-tabs .elementor-tab-desktop-title.elementor-active:after,.elementor-widget-tabs .elementor-tab-desktop-title.elementor-active:before{display:block;content:\"\";position:absolute}.elementor-widget-tabs .elementor-tab-desktop-title:focus-visible{border:1px solid #000}.elementor-widget-tabs .elementor-tab-mobile-title{padding:10px;cursor:pointer}.elementor-widget-tabs .elementor-tab-content{padding:20px;display:none}@media (max-width:767px){.elementor-tabs .elementor-tab-content,.elementor-tabs .elementor-tab-title{border-style:solid solid none}.elementor-tabs .elementor-tabs-wrapper{display:none}.elementor-tabs .elementor-tabs-content-wrapper{border-bottom-style:solid}.elementor-tabs .elementor-tab-content{padding:10px}}@media (min-width:768px){.elementor-widget-tabs.elementor-tabs-view-vertical .elementor-tabs{display:flex}.elementor-widget-tabs.elementor-tabs-view-vertical .elementor-tabs-wrapper{flex-direction:column}.elementor-widget-tabs.elementor-tabs-view-vertical .elementor-tabs-content-wrapper{flex-grow:1;border-style:solid solid solid none}.elementor-widget-tabs.elementor-tabs-view-horizontal .elementor-tab-content{border-style:none solid solid}.elementor-widget-tabs.elementor-tabs-alignment-center .elementor-tabs-wrapper,.elementor-widget-tabs.elementor-tabs-alignment-end .elementor-tabs-wrapper,.elementor-widget-tabs.elementor-tabs-alignment-stretch .elementor-tabs-wrapper{display:flex}.elementor-widget-tabs.elementor-tabs-alignment-center .elementor-tabs-wrapper{justify-content:center}.elementor-widget-tabs.elementor-tabs-alignment-end .elementor-tabs-wrapper{justify-content:flex-end}.elementor-widget-tabs.elementor-tabs-alignment-stretch.elementor-tabs-view-horizontal .elementor-tab-title{width:100%}.elementor-widget-tabs.elementor-tabs-alignment-stretch.elementor-tabs-view-vertical .elementor-tab-title{height:100%}.elementor-tabs .elementor-tab-mobile-title{display:none}}<\/style>\t\t<div class=\"elementor-tabs\">\n\t\t\t<div class=\"elementor-tabs-wrapper\" role=\"tablist\" >\n\t\t\t\t\t\t\t\t\t<div id=\"elementor-tab-title-1831\" class=\"elementor-tab-title elementor-tab-desktop-title\" aria-selected=\"true\" data-tab=\"1\" role=\"tab\" tabindex=\"0\" aria-controls=\"elementor-tab-content-1831\" aria-expanded=\"false\">Description<\/div>\n\t\t\t\t\t\t\t\t\t<div id=\"elementor-tab-title-1832\" class=\"elementor-tab-title elementor-tab-desktop-title\" aria-selected=\"false\" data-tab=\"2\" role=\"tab\" tabindex=\"-1\" aria-controls=\"elementor-tab-content-1832\" aria-expanded=\"false\">Modalit\u00e9s<\/div>\n\t\t\t\t\t\t\t\t\t<div id=\"elementor-tab-title-1833\" class=\"elementor-tab-title elementor-tab-desktop-title\" aria-selected=\"false\" data-tab=\"3\" role=\"tab\" tabindex=\"-1\" aria-controls=\"elementor-tab-content-1833\" aria-expanded=\"false\">M\u00e9tiers vis\u00e9s<\/div>\n\t\t\t\t\t\t\t\t\t<div id=\"elementor-tab-title-1834\" class=\"elementor-tab-title elementor-tab-desktop-title\" aria-selected=\"false\" data-tab=\"4\" role=\"tab\" tabindex=\"-1\" aria-controls=\"elementor-tab-content-1834\" aria-expanded=\"false\">\u00c9valuation<\/div>\n\t\t\t\t\t\t\t<\/div>\n\t\t\t<div class=\"elementor-tabs-content-wrapper\" role=\"tablist\" aria-orientation=\"vertical\">\n\t\t\t\t\t\t\t\t\t<div class=\"elementor-tab-title elementor-tab-mobile-title\" aria-selected=\"true\" data-tab=\"1\" role=\"tab\" tabindex=\"0\" aria-controls=\"elementor-tab-content-1831\" aria-expanded=\"false\">Description<\/div>\n\t\t\t\t\t<div id=\"elementor-tab-content-1831\" class=\"elementor-tab-content elementor-clearfix\" data-tab=\"1\" role=\"tabpanel\" aria-labelledby=\"elementor-tab-title-1831\" tabindex=\"0\" hidden=\"false\"><p>Vous r\u00eavez de devenir un professionnel polyvalent au c\u0153ur des <strong>op\u00e9rations a\u00e9roportuaires <\/strong>? Notre formation <b>d&rsquo;Agent de Piste Bagagiste<\/b> est con\u00e7ue pour vous ! Plongez dans une carri\u00e8re dynamique o\u00f9 vous apprendrez \u00e0 manipuler efficacement <b>les bagages<\/b>, \u00e0 <b>coordonner les mouvements au sol<\/b> et \u00e0 garantir la <b>s\u00e9curit\u00e9 des op\u00e9rations a\u00e9roportuaires<\/b>. \u00c0 travers des modules interactifs et des sessions pratiques, vous d\u00e9velopperez les comp\u00e9tences n\u00e9cessaires pour assurer un traitement rapide et s\u00e9curis\u00e9 des bagages tout en respectant les normes \u00e9tablies. Pr\u00eat \u00e0 embarquer pour une aventure unique ?<i> <\/i>Rejoignez notre programme et devenez un acteur essentiel des op\u00e9rations a\u00e9roportuaires en tant <b>qu&rsquo;Agent de Piste Bagagiste<\/b>.<\/p><\/div>\n\t\t\t\t\t\t\t\t\t<div class=\"elementor-tab-title elementor-tab-mobile-title\" aria-selected=\"false\" data-tab=\"2\" role=\"tab\" tabindex=\"-1\" aria-controls=\"elementor-tab-content-1832\" aria-expanded=\"false\">Modalit\u00e9s<\/div>\n\t\t\t\t\t<div id=\"elementor-tab-content-1832\" class=\"elementor-tab-content elementor-clearfix\" data-tab=\"2\" role=\"tabpanel\" aria-labelledby=\"elementor-tab-title-1832\" tabindex=\"0\" hidden=\"hidden\"><ul><li><span class=\"OYPEnA text-decoration-none text-strikethrough-none\">Formation en pr\u00e9sentiel.<\/span><\/li><li><span class=\"OYPEnA text-decoration-none text-strikethrough-none\">Session programm\u00e9e toutes les 5 semaines.<\/span><\/li><li><span class=\"OYPEnA text-decoration-none text-strikethrough-none\">Calendrier des sessions disponibles sur demande.<\/span><\/li><li><span class=\"OYPEnA text-decoration-none text-strikethrough-none\">Inscription possible jusqu\u2019\u00e0 14 jours ouvrables avant le d\u00e9but de la formation (sous r\u00e9serve de disponibilit\u00e9).<\/span><\/li><li><span class=\"OYPEnA text-decoration-none text-strikethrough-none\">L\u2019inscription est effective apr\u00e8s : inscription \u00e0 une r\u00e9union d\u2019information, avoir rempli la fiche de renseignement, validation des pr\u00e9requis, entretien individuel ou collectif, et validation des formalit\u00e9s contractuelles.<\/span><\/li><\/ul><\/div>\n\t\t\t\t\t\t\t\t\t<div class=\"elementor-tab-title elementor-tab-mobile-title\" aria-selected=\"false\" data-tab=\"3\" role=\"tab\" tabindex=\"-1\" aria-controls=\"elementor-tab-content-1833\" aria-expanded=\"false\">M\u00e9tiers vis\u00e9s<\/div>\n\t\t\t\t\t<div id=\"elementor-tab-content-1833\" class=\"elementor-tab-content elementor-clearfix\" data-tab=\"3\" role=\"tabpanel\" aria-labelledby=\"elementor-tab-title-1833\" tabindex=\"0\" hidden=\"hidden\"><ul><li><span class=\"OYPEnA text-decoration-none text-strikethrough-none\">Bagagiste.<\/span><\/li><li><span class=\"OYPEnA text-decoration-none text-strikethrough-none\">Agent de piste.<\/span><\/li><li><span class=\"OYPEnA text-decoration-none text-strikethrough-none\">Coordinateur.<\/span><\/li><li><span class=\"OYPEnA text-decoration-none text-strikethrough-none\">Conducteur d\u2019engins.<\/span><\/li><\/ul><\/div>\n\t\t\t\t\t\t\t\t\t<div class=\"elementor-tab-title elementor-tab-mobile-title\" aria-selected=\"false\" data-tab=\"4\" role=\"tab\" tabindex=\"-1\" aria-controls=\"elementor-tab-content-1834\" aria-expanded=\"false\">\u00c9valuation<\/div>\n\t\t\t\t\t<div id=\"elementor-tab-content-1834\" class=\"elementor-tab-content elementor-clearfix\" data-tab=\"4\" role=\"tabpanel\" aria-labelledby=\"elementor-tab-title-1834\" tabindex=\"0\" hidden=\"hidden\"><ul><li><span class=\"OYPEnA text-decoration-none text-strikethrough-none\">\u00c9valuations Formatives<\/span><\/li><li><span class=\"OYPEnA text-decoration-none text-strikethrough-none\">\u00c9valuations certificatives s\u00fbret\u00e9 11.2.6.2 &#8211; 11.2.3.8 &#8211; 11.2.3.9 (minimum 12\/20).<\/span><\/li><li><span class=\"OYPEnA text-decoration-none text-strikethrough-none\">\u00c9valuations certificatives DGR8 &#8211; Marchandises Dangereuses (minimum 16\/20).<\/span><\/li><li><span class=\"OYPEnA text-decoration-none text-strikethrough-none\">\u00c9valuations sommatives avec 60% de r\u00e9ussite pour validation de la formation.<\/span><\/li><\/ul><\/div>\n\t\t\t\t\t\t\t<\/div>\n\t\t<\/div>\n\t\t\t\t<\/div>\n\t\t\t\t<\/div>\n\t\t\t\t<div class=\"elementor-element elementor-element-2723884 elementor-align-center elementor-widget elementor-widget-button\" data-id=\"2723884\" data-element_type=\"widget\" data-widget_type=\"button.default\">\n\t\t\t\t<div class=\"elementor-widget-container\">\n\t\t\t\t\t<div class=\"elementor-button-wrapper\">\n\t\t\t<a class=\"elementor-button elementor-button-link elementor-size-sm\" href=\"https:\/\/eleabymira.com\/wp-content\/uploads\/2025\/10\/ELEA-Plaquettes-Agent-de-Piste-Bagagiste-3.pdf\">\n\t\t\t\t\t\t<span class=\"elementor-button-content-wrapper\">\n\t\t\t\t\t\t<span class=\"elementor-button-icon elementor-align-icon-left\">\n\t\t\t\t<svg aria-hidden=\"true\" class=\"e-font-icon-svg e-far-file-alt\" viewBox=\"0 0 384 512\" xmlns=\"http:\/\/www.w3.org\/2000\/svg\"><path d=\"M288 248v28c0 6.6-5.4 12-12 12H108c-6.6 0-12-5.4-12-12v-28c0-6.6 5.4-12 12-12h168c6.6 0 12 5.4 12 12zm-12 72H108c-6.6 0-12 5.4-12 12v28c0 6.6 5.4 12 12 12h168c6.6 0 12-5.4 12-12v-28c0-6.6-5.4-12-12-12zm108-188.1V464c0 26.5-21.5 48-48 48H48c-26.5 0-48-21.5-48-48V48C0 21.5 21.5 0 48 0h204.1C264.8 0 277 5.1 286 14.1L369.9 98c9 8.9 14.1 21.2 14.1 33.9zm-128-80V128h76.1L256 51.9zM336 464V176H232c-13.3 0-24-10.7-24-24V48H48v416h288z\"><\/path><\/svg>\t\t\t<\/span>\n\t\t\t\t\t\t<span class=\"elementor-button-text\">T\u00e9l\u00e9charger le programme<\/span>\n\t\t<\/span>\n\t\t\t\t\t<\/a>\n\t\t<\/div>\n\t\t\t\t<\/div>\n\t\t\t\t<\/div>\n\t\t\t\t<\/div>\n\t\t<div class=\"elementor-element elementor-element-8db6120 e-con-full e-flex e-con e-child\" data-id=\"8db6120\" data-element_type=\"container\" data-settings=\"{&quot;content_width&quot;:&quot;full&quot;}\">\n\t\t\t\t<div class=\"elementor-element elementor-element-fba7caa elementor-widget elementor-widget-image\" data-id=\"fba7caa\" data-element_type=\"widget\" data-widget_type=\"image.default\">\n\t\t\t\t<div class=\"elementor-widget-container\">\n\t\t\t<style>\/*! elementor - v3.18.0 - 20-12-2023 *\/\n.elementor-widget-image{text-align:center}.elementor-widget-image a{display:inline-block}.elementor-widget-image a img[src$=\".svg\"]{width:48px}.elementor-widget-image img{vertical-align:middle;display:inline-block}<\/style>\t\t\t\t\t\t\t\t\t\t\t\t<img fetchpriority=\"high\" decoding=\"async\" width=\"1024\" height=\"774\" src=\"https:\/\/eleabymira.com\/wp-content\/uploads\/2024\/01\/3-1024x774.png\" class=\"attachment-large size-large wp-image-632\" alt=\"\" srcset=\"https:\/\/eleabymira.com\/wp-content\/uploads\/2024\/01\/3-1024x774.png 1024w, https:\/\/eleabymira.com\/wp-content\/uploads\/2024\/01\/3-300x227.png 300w, https:\/\/eleabymira.com\/wp-content\/uploads\/2024\/01\/3-768x580.png 768w, https:\/\/eleabymira.com\/wp-content\/uploads\/2024\/01\/3.png 1076w\" sizes=\"(max-width: 1024px) 100vw, 1024px\" \/>\t\t\t\t\t\t\t\t\t\t\t\t\t\t\t<\/div>\n\t\t\t\t<\/div>\n\t\t\t\t<\/div>\n\t\t\t\t\t<\/div>\n\t\t\t\t<\/div>\n\t\t\t\t\t\t\t<\/div>\n\t\t","protected":false},"excerpt":{"rendered":"<p>Agent de Piste Bagagiste Description Modalit\u00e9s M\u00e9tiers vis\u00e9s \u00c9valuation Description Vous r\u00eavez de devenir un professionnel polyvalent au c\u0153ur des op\u00e9rations a\u00e9roportuaires ? Notre formation d&rsquo;Agent de Piste Bagagiste est con\u00e7ue pour vous ! Plongez dans une carri\u00e8re dynamique o\u00f9 vous apprendrez \u00e0 manipuler efficacement les bagages, \u00e0 coordonner les mouvements au sol et \u00e0 [&hellip;]<\/p>\n","protected":false},"author":1,"featured_media":0,"parent":0,"menu_order":0,"comment_status":"closed","ping_status":"closed","template":"","meta":{"site-sidebar-layout":"no-sidebar","site-content-layout":"page-builder","ast-site-content-layout":"full-width-container","site-content-style":"default","site-sidebar-style":"default","ast-global-header-display":"","ast-banner-title-visibility":"","ast-main-header-display":"","ast-hfb-above-header-display":"","ast-hfb-below-header-display":"","ast-hfb-mobile-header-display":"","site-post-title":"disabled","ast-breadcrumbs-content":"","ast-featured-img":"disabled","footer-sml-layout":"","theme-transparent-header-meta":"","adv-header-id-meta":"","stick-header-meta":"","header-above-stick-meta":"","header-main-stick-meta":"","header-below-stick-meta":"","astra-migrate-meta-layouts":"default","ast-page-background-enabled":"default","ast-page-background-meta":{"desktop":{"background-color":"","background-image":"","background-repeat":"repeat","background-position":"center center","background-size":"auto","background-attachment":"scroll","background-type":"","background-media":"","overlay-type":"","overlay-color":"","overlay-gradient":""},"tablet":{"background-color":"","background-image":"","background-repeat":"repeat","background-position":"center center","background-size":"auto","background-attachment":"scroll","background-type":"","background-media":"","overlay-type":"","overlay-color":"","overlay-gradient":""},"mobile":{"background-color":"","background-image":"","background-repeat":"repeat","background-position":"center center","background-size":"auto","background-attachment":"scroll","background-type":"","background-media":"","overlay-type":"","overlay-color":"","overlay-gradient":""}},"ast-content-background-meta":{"desktop":{"background-color":"var(--ast-global-color-5)","background-image":"","background-repeat":"repeat","background-position":"center center","background-size":"auto","background-attachment":"scroll","background-type":"","background-media":"","overlay-type":"","overlay-color":"","overlay-gradient":""},"tablet":{"background-color":"var(--ast-global-color-5)","background-image":"","background-repeat":"repeat","background-position":"center center","background-size":"auto","background-attachment":"scroll","background-type":"","background-media":"","overlay-type":"","overlay-color":"","overlay-gradient":""},"mobile":{"background-color":"var(--ast-global-color-5)","background-image":"","background-repeat":"repeat","background-position":"center center","background-size":"auto","background-attachment":"scroll","background-type":"","background-media":"","overlay-type":"","overlay-color":"","overlay-gradient":""}},"footnotes":""},"class_list":["post-561","page","type-page","status-publish","hentry"],"_links":{"self":[{"href":"https:\/\/eleabymira.com\/index.php\/wp-json\/wp\/v2\/pages\/561","targetHints":{"allow":["GET"]}}],"collection":[{"href":"https:\/\/eleabymira.com\/index.php\/wp-json\/wp\/v2\/pages"}],"about":[{"href":"https:\/\/eleabymira.com\/index.php\/wp-json\/wp\/v2\/types\/page"}],"author":[{"embeddable":true,"href":"https:\/\/eleabymira.com\/index.php\/wp-json\/wp\/v2\/users\/1"}],"replies":[{"embeddable":true,"href":"https:\/\/eleabymira.com\/index.php\/wp-json\/wp\/v2\/comments?post=561"}],"version-history":[{"count":40,"href":"https:\/\/eleabymira.com\/index.php\/wp-json\/wp\/v2\/pages\/561\/revisions"}],"predecessor-version":[{"id":1576,"href":"https:\/\/eleabymira.com\/index.php\/wp-json\/wp\/v2\/pages\/561\/revisions\/1576"}],"wp:attachment":[{"href":"https:\/\/eleabymira.com\/index.php\/wp-json\/wp\/v2\/media?parent=561"}],"curies":[{"name":"wp","href":"https:\/\/api.w.org\/{rel}","templated":true}]}}