{"id":946,"date":"2024-01-19T19:37:29","date_gmt":"2024-01-19T18:37:29","guid":{"rendered":"https:\/\/eleabymira.com\/?page_id=946"},"modified":"2025-03-07T11:44:19","modified_gmt":"2025-03-07T10:44:19","slug":"politique-de-confidentialite-du-site-eleabymira-fr","status":"publish","type":"page","link":"https:\/\/eleabymira.com\/index.php\/politique-de-confidentialite-du-site-eleabymira-fr\/","title":{"rendered":"POLITIQUE DE CONFIDENTIALIT\u00c9 DU SITE ELEABYMIRA.FR"},"content":{"rendered":"\n<p><strong>ARTICLE 1 : PR\u00c9AMBULE :<\/strong><strong><br><\/strong>Cette politique de confidentialit\u00e9 s\u2019applique au site : eleabymira.com.<\/p>\n\n\n\n<p>La pr\u00e9sente politique de confidentialit\u00e9 a pour but d\u2019exposer aux utilisateurs du site :<\/p>\n\n\n\n<ul class=\"wp-block-list\">\n<li>La mani\u00e8re dont sont collect\u00e9es et trait\u00e9es leurs donn\u00e9es caract\u00e8re personnel. Doivent \u00eatre consid\u00e9r\u00e9es comme donn\u00e9es personnelles toutes les donn\u00e9es \u00e9tant susceptibles d\u2019identifier un utilisateur. II S\u2019agit notamment du pr\u00e9nom et du nom, de l\u2019\u00e2ge, de l\u2019adresse postale, l\u2019adresse mail, Ia localisation de l\u2019utilisateur ou encore son adresse IP ;<\/li>\n\n\n\n<li>Quels sont les droits des utilisateurs concernant ces donn\u00e9es ;<\/li>\n\n\n\n<li>Qui est responsable du traitement des donn\u00e9es \u00e0 caract\u00e8re personnel collect\u00e9es et trait\u00e9es ;<\/li>\n\n\n\n<li>\u00c0 qui ces donn\u00e9es sont transmises ;<\/li>\n\n\n\n<li>\u00c9ventuellement, la politique du site en mati\u00e8re de fichiers \u201ccookies\u201d.<\/li>\n<\/ul>\n\n\n\n<p>Cette politique de confidentialit\u00e9 compl\u00e8te les mentions l\u00e9gales et les Conditions G\u00e9n\u00e9rales d\u2019Utilisation que les utilisateurs peuvent consulter \u00e5 l\u2019adresse ci-apr\u00e8s :<\/p>\n\n\n\n<p><strong>ARTICLE 2 : PRINCIPES G\u00c9N\u00c9RAUX EN MATI\u00c8RE DE COLLECTE ET DE TRAITEMENT DE DONN\u00c9ES :<\/strong><\/p>\n\n\n\n<p>Conform\u00e9ment aux dispositions de l\u2019article 5 du R\u00e8glement europ\u00e9en 2016\/679, la collecte et le traitement des donn\u00e9es des utilisateurs du site respectent les principes suivants :<\/p>\n\n\n\n<ul class=\"wp-block-list\">\n<li>Lic\u00e9it\u00e9, loyaut\u00e9 et transparence : les donn\u00e9es ne peuvent \u00eatre collect\u00e9es et trait\u00e9es qu\u2019avec le consentement de l\u2019utilisateur propri\u00e9taire des donn\u00e9es. A chaque fois que des donn\u00e9es \u00e0 caract\u00e8re personnel seront collect\u00e9es, il sera indiqu\u00e9 \u00e5 l\u2019utilisateur que ses donn\u00e9es sont collect\u00e9es, et pour quelles raisons ses donn\u00e9es sont collect\u00e9es ;<\/li>\n\n\n\n<li>Finalit\u00e9s limit\u00e9es : la collecte et le traitement des donn\u00e9es sont ex\u00e9cut\u00e9s pour r\u00e9pondre \u00e5 un ou plusieurs objectifs d\u00e9termin\u00e9s dans les pr\u00e9sentes conditions g\u00e9n\u00e9rales d\u2019utilisation ;<\/li>\n\n\n\n<li>Minimisation de la collecte et du traitement des donn\u00e9es : seules les donn\u00e9es n\u00e9cessaires \u00e0 la bonne ex\u00e9cution des objectifs poursuivis par le site sont collect\u00e9es ;<\/li>\n\n\n\n<li>Conservation des donn\u00e9es r\u00e9duites dans le temps : les donn\u00e9es sont conserv\u00e9es pour une dur\u00e9e limit\u00e9e, dont l\u2019utilisateur est inform\u00e9. Lorsque cette information ne peut pas \u00eatre communiqu\u00e9e, l\u2019utilisateur est inform\u00e9 des crit\u00e8res utilis\u00e9s pour d\u00e9terminer la dur\u00e9e de conservation ;<\/li>\n\n\n\n<li>Int\u00e9grit\u00e9 et confidentialit\u00e9 des donn\u00e9es collect\u00e9es et trait\u00e9es : le responsable du traitement des donn\u00e9es S\u2019engage \u00e0 garantir l\u2019int\u00e9grit\u00e9 et la confidentialit\u00e9 des donn\u00e9es collect\u00e9es.<\/li>\n<\/ul>\n\n\n\n<p>Afin d\u2019\u00eatre licites, et ce conform\u00e9ment aux exigences de l\u2019article 6 du r\u00e8glement europ\u00e9en 2016\/679, la collecte et le traitement des donn\u00e9es \u00e5 caract\u00e8re personnel ne pourront intervenir que S\u2019ils respectent au moins une des conditions ci-apr\u00e8s \u00e9num\u00e9r\u00e9es :<\/p>\n\n\n\n<ul class=\"wp-block-list\">\n<li>L\u2019utilisateur a express\u00e9ment consenti au traitement ;<\/li>\n\n\n\n<li>Le traitement est n\u00e9cessaire \u00e5 la bonne ex\u00e9cution d\u2019un contrat ;<\/li>\n\n\n\n<li>Le traitement r\u00e9pond \u00e5 une obligation l\u00e9gale ;<\/li>\n\n\n\n<li>Le traitement s\u2019explique par une n\u00e9cessit\u00e9 li\u00e9e \u00e0 la sauvegarde des int\u00e9r\u00eats vitaux de la personne concern\u00e9e ou d\u2019une autre personne physique ;<\/li>\n\n\n\n<li>Le traitement peut s\u2019expliquer par une n\u00e9cessit\u00e9 li\u00e9e \u00e0 l\u2019ex\u00e9cution d\u2019une mission d\u2019int\u00e9r\u00eat public ou qui rel\u00e8ve de l\u2019exercice de l\u2019autorit\u00e9 publique ;<\/li>\n\n\n\n<li>Le traitement et la collecte des donn\u00e9es \u00e0 caract\u00e8re personnel sont n\u00e9cessaires aux fins des int\u00e9r\u00eats l\u00e9gitimes et priv\u00e9s poursuivis par le responsable du traitement ou par un tiers.<\/li>\n<\/ul>\n\n\n\n<p><strong>ARTICLE 3 : DONN\u00c9ES CARACT\u00c8RE PERSONNEL COLLECT\u00c9ES ET TRAIT\u00c9ES DANS LE CADRE DE LA NAVIGATION SUR LE SITE :<\/strong><strong><br><\/strong><strong>DONN\u00c9ES COLLECT\u00c9ES ET TRAIT\u00c9ES ET MODE DE COLLECTE :<\/strong><\/p>\n\n\n\n<p>Les donn\u00e9es \u00e0 caract\u00e8re personnel collect\u00e9es sur le site eleabymira.com sont les suivantes :<\/p>\n\n\n\n<ul class=\"wp-block-list\">\n<li>Pr\u00e9nom<\/li>\n\n\n\n<li>Nom<\/li>\n\n\n\n<li>Num\u00e9ro de t\u00e9l\u00e9phone<\/li>\n\n\n\n<li>Adresse E-mail<\/li>\n<\/ul>\n\n\n\n<p>Ces donn\u00e9es sont collect\u00e9es lorsque l\u2019utilisateur compl\u00e8te et envoi un formulaire de contact.<\/p>\n\n\n\n<p>Le responsable du traitement conservera dans ses syst\u00e8mes informatiques du site et dans des conditions raisonnables de s\u00e9curit\u00e9 l\u2019ensemble des donn\u00e9es collect\u00e9es pour une dur\u00e9e de 5 ans.<\/p>\n\n\n\n<p>La collecte et le traitement des donn\u00e9es r\u00e9pondent aux finalit\u00e9s suivantes :<\/p>\n\n\n\n<ul class=\"wp-block-list\">\n<li>Les donn\u00e9es qui concernent l\u2019adresse IP permettent d\u2019optimiser les publicit\u00e9s<\/li>\n\n\n\n<li>Les donn\u00e9es qui concernent les donn\u00e9es personnelles transmises via les formulaires de contact sont utilis\u00e9es dans le cadre de la relation commerciale.<\/li>\n<\/ul>\n\n\n\n<p>TRANSMISSION DES DONN\u00c9ES&nbsp;\u00c0 DES TIERS<\/p>\n\n\n\n<p>Certaines donn\u00e9es sont susceptibles d\u2019\u00eatre transmises \u00e0 :<\/p>\n\n\n\n<p>Google, Facebook, Linkedin, Twitter, le CRM du centre de formation.<\/p>\n\n\n\n<p><strong>H\u00c9BERGEMENT DES DONN\u00c9ES :<\/strong><\/p>\n\n\n\n<p>Le site https:\/\/eleabymira.com\/ est h\u00e9berg\u00e9 par :<\/p>\n\n\n\n<p>LWS (Ligne Web Services) &#8211; RCS Paris B 851 993 683 00024<br>Capital de 500 000 Euros.<\/p>\n\n\n\n<p><strong>&nbsp;ARTICLE 4 : RESPONSABLE DU TRAITEMENT DES DONN\u00c9ES :<\/strong><\/p>\n\n\n\n<p><strong>LE RESPONSABLE DU TRAITEMENT DES DONN\u00c9ES :<\/strong><\/p>\n\n\n\n<p>Le responsable du traitement des donn\u00e9es \u00e0 caract\u00e8re personnel est : Madame Sonia MIRA SAHBI BELLILI. Elle peut \u00eatre contact\u00e9e par t\u00e9l\u00e9phone au 01 82 37 16 81 de 9h \u00e0 17h du Lundi au Vendredi.<\/p>\n\n\n\n<p>Le responsable du traitement des donn\u00e9es est charg\u00e9 de d\u00e9terminer les finalit\u00e9s et les moyens mis au service du traitement des donn\u00e9es \u00e0 caract\u00e8re personnel.<\/p>\n\n\n\n<p><strong>OBLIGATIONS DU RESPONSABLE DU TRAITEMENT DES DONN\u00c9ES :<\/strong><\/p>\n\n\n\n<p>Le responsable du traitement s\u2019engage \u00e0 prot\u00e9ger les donn\u00e9es \u00e0 caract\u00e8re personnel collect\u00e9es, \u00e0 ne pas les transmettre \u00e0 des tiers sans que l\u2019utilisateur ni en ait \u00e9t\u00e9 inform\u00e9 et \u00e0 respecter les finalit\u00e9s pour lesquelles ces donn\u00e9es ont \u00e9t\u00e9 collect\u00e9es.<\/p>\n\n\n\n<p>Le site dispose d\u2019un certificat SSL afin de garantir que les informations et le transfert des donn\u00e9es transitant par le site sont s\u00e9curis\u00e9s.<\/p>\n\n\n\n<p>Un certificat SSL (\u00ab Secure Socket Layer \u00bb Certificate) a pour but de s\u00e9curiser les donn\u00e9es \u00e9chang\u00e9es entre L\u2019utilisateur et le site.<\/p>\n\n\n\n<p>De plus, le responsable du traitement des donn\u00e9es s\u2019engage \u00e0 notifier l\u2019utilisateur en cas de rectification ou de suppression des donn\u00e9es, \u00e0 moins que cela n\u2019entra\u00eene pour lui des formalit\u00e9s, co\u00fbts et d\u00e9marches disproportionn\u00e9s.<\/p>\n\n\n\n<p>&nbsp;Dans le cas o\u00f9 l\u2019int\u00e9grit\u00e9, la confidentialit\u00e9 ou la s\u00e9curit\u00e9 des donn\u00e9es \u00e0 caract\u00e8re personnel de l\u2019utilisateur est compromise, le responsable du traitement s\u2019engage \u00e0 informer l\u2019utilisateur par tout moyen.<\/p>\n\n\n\n<p><strong>ARTICLE 5 : DROITS DE L\u2019UTILISATEUR :<\/strong><\/p>\n\n\n\n<p>Conform\u00e9ment la r\u00e9glementation concernant le traitement des donn\u00e9es \u00e0 caract\u00e8re personnel, L\u2019utilisateur poss\u00e8de les droits ci-apr\u00e8s \u00e9num\u00e9r\u00e9s.<\/p>\n\n\n\n<p>&nbsp;Afin que le responsable du traitement des donn\u00e9es fasse droit \u00e0 sa demande, L\u2019utilisateur est tenu de lui communiquer : ses pr\u00e9nom et nom ainsi que son adresse e-mail.<\/p>\n\n\n\n<p>Le responsable du traitement des donn\u00e9es est tenu de r\u00e9pondre \u00e0 l\u2019utilisateur dans un d\u00e9lai de 30 (trente) jours maximum.<\/p>\n\n\n\n<p><strong>PR\u00c9SENTATION DES DROITS DE L\u2019UTILISATEUR EN MATI\u00c8RE DE COLLECTE ET TRAITEMENT DE DONN\u00c9ES :<\/strong><\/p>\n\n\n\n<p><em>Droit d\u2019acc\u00e8s, de rectification et droit \u00e0 l\u2019effacement<\/em><\/p>\n\n\n\n<p>L\u2019utilisateur peut prendre connaissance, mettre \u00e0 jour, modifier ou demander la suppression des donn\u00e9es le concernant, en respectant la proc\u00e9dure ci-apr\u00e8s \u00e9nonc\u00e9e :<\/p>\n\n\n\n<p>L\u2019utilisateur doit envoyer un e-mail au responsable du traitement des donn\u00e9es personnelles, en pr\u00e9cisant l\u2019objet de sa demande et en utilisant l\u2019adresse mail&nbsp;contact@eleabymira.com<\/p>\n\n\n\n<p><em>Droit \u00e0 la portabilit\u00e9 des donn\u00e9es :<\/em><\/p>\n\n\n\n<p>L\u2019utilisateur a le droit de demander la portabilit\u00e9 de ses donn\u00e9es personnelles, d\u00e9tenues par le site, vers un autre site, en se conformant \u00e5 la proc\u00e9dure ci-apr\u00e8s :<\/p>\n\n\n\n<p>L\u2019utilisateur doit faire une demande de portabilit\u00e9 de ses donn\u00e9es personnelles aupr\u00e8s du responsable du traitement des donn\u00e9es personnelles, en pr\u00e9cisant l\u2019objet de sa demande et en utilisant l\u2019adresse mail&nbsp;contact@eleabymira.com<\/p>\n\n\n\n<p>&nbsp;<em>Droit \u00e0 la limitation et \u00e0 l\u2019opposition du traitement des donn\u00e9es :<\/em><\/p>\n\n\n\n<p>L\u2019utilisateur a le droit de demander la limitation ou de s\u2019opposer au traitement de ses donn\u00e9es par le site, sans que le site ne puisse refuser, sauf d\u00e9montrer l\u2019existence de motifs l\u00e9gitimes et imp\u00e9rieux, pouvant pr\u00e9valoir sur les int\u00e9r\u00eats et les droits et libert\u00e9s de l\u2019utilisateur.<\/p>\n\n\n\n<p>Afin de demander la limitation du traitement de ses donn\u00e9es ou de formuler une opposition au traitement de ses donn\u00e9es, l\u2019utilisateur doit suivre la proc\u00e9dure suivante :<\/p>\n\n\n\n<p>&nbsp;L\u2019utilisateur doit faire une demande de limitation au traitement de ses donn\u00e9es personnelles aupr\u00e8s du responsable du traitement des donn\u00e9es personnelles, en pr\u00e9cisant l\u2019objet de sa demande et en utilisant l\u2019adresse mail&nbsp;contact@eleabymira.com<\/p>\n\n\n\n<p><em>Droit de ne pas faire [\u2018objet d\u2019une d\u00e9cision fond\u00e9e exclusivement sur un proc\u00e9d\u00e9 automatis\u00e9&nbsp;<\/em><\/p>\n\n\n\n<p>Conform\u00e9ment aux dispositions du r\u00e8glement 2016\/679, l\u2019utilisateur a le droit de ne pas faire l\u2019objet d\u2019une d\u00e9cision fond\u00e9e exclusivement sur un proc\u00e9d\u00e9 automatis\u00e9 si la d\u00e9cision produit des effets juridiques le concernant, ou l\u2019affecte de mani\u00e8re significative de fa\u00e7on similaire.&nbsp;<\/p>\n\n\n\n<p><em>Droit de d\u00e9terminer le sort des donn\u00e9es apr\u00e8s la mort :<\/em><\/p>\n\n\n\n<p>Conform\u00e9ment aux dispositions du r\u00e8glement 2016\/679, l\u2019utilisateur a le droit de ne pas faire l\u2019objet d\u2019une d\u00e9cision fond\u00e9e exclusivement sur un proc\u00e9d\u00e9 automatis\u00e9 si la d\u00e9cision produit des effets juridiques le concernant, ou l\u2019affecte de mani\u00e8re significative de fa\u00e7on similaire.&nbsp;<\/p>\n\n\n\n<p><em>Droit de saisir l\u2019autorit\u00e9 de contr\u00f4le&nbsp;comp\u00e9tente :<\/em><\/p>\n\n\n\n<p>Dans le cas o\u00f9 le responsable du traitement des donn\u00e9es d\u00e9cide de ne pas r\u00e9pondre \u00e0 la demande de l\u2019utilisateur, et que l\u2019utilisateur souhaite contester cette d\u00e9cision, ou, s\u2019il pense qu\u2019il est port\u00e9 atteinte l\u2019un des droits \u00e9num\u00e9r\u00e9s ci-dessus, il est en droit de saisir la CNIL (Commission Nationale de I \u2018informatique et des Libert\u00e9s, https:\/\/www.cnil.fr) ou tout juge comp\u00e9tent.<\/p>\n\n\n\n<p><strong>&nbsp;DONN\u00c9ES PERSONNELLES DES PERSONNES MINEURES :<\/strong><\/p>\n\n\n\n<p>Conform\u00e9ment aux dispositions de l\u2019article 8 du r\u00e8glement europ\u00e9en 2016\/679 et \u00e5 la loi Informatique et Libert\u00e9s, seuls les mineurs \u00e2g\u00e9s de 15 ans ou plus peuvent consentir au traitement de leurs donn\u00e9es personnelles.<\/p>\n\n\n\n<p>Si l\u2019utilisateur est un mineur de moins de 15 ans, l\u2019accord d\u2019un repr\u00e9sentant l\u00e9gal sera requis afin que des donn\u00e9es \u00e0 caract\u00e8re personnel puissent \u00eatre collect\u00e9es et trait\u00e9es.<\/p>\n\n\n\n<p>L\u2019\u00e9diteur du site se r\u00e9serve le droit de v\u00e9rifier par tout moyen que l\u2019utilisateur est \u00e2g\u00e9 de plus de 15 ans, ou qu\u2019il aura obtenu l\u2019accord d\u2019un repr\u00e9sentant l\u00e9gal avant de naviguer sur le site.<\/p>\n\n\n\n<p><strong>&nbsp;ARTICLE 6 : UTILISATION DES FICHIERS \u00ab&nbsp;COOKIES&nbsp;\u00bb :<\/strong><\/p>\n\n\n\n<p>Le site a \u00e9ventuellement recours aux techniques de \u00ab&nbsp;cookies&nbsp;\u00bb.<\/p>\n\n\n\n<p>Un \u00ab&nbsp;cookie&nbsp;\u00bb est un fichier de petite taille (moins de 4 ko), stock\u00e9 par le site sur le disque dur de l\u2019utilisateur, contenant des informations relatives aux habitudes de navigation de l\u2019utilisateur.<\/p>\n\n\n\n<p>Ces fichiers lui permettent de traiter des statistiques et des informations sur le trafic, de faciliter la navigation et d\u2019am\u00e9liorer le service pour le confort de l\u2019utilisateur.<\/p>\n\n\n\n<p>Pour l\u2019utilisation de fichiers \u00ab&nbsp;cookies&nbsp;\u00bb impliquant la sauvegarde et l\u2019analyse de donn\u00e9es \u00e5 caract\u00e8re personnel, le consentement de l\u2019utilisateur est n\u00e9cessairement demand\u00e9.<\/p>\n\n\n\n<p>Ce consentement de l\u2019utilisateur est consid\u00e9r\u00e9 comme valide pour une dur\u00e9e de 13 (treize) mois maximum. A l\u2019issue de cette p\u00e9riode, le site demandera \u00e5 nouveau l\u2019autorisation de l\u2019utilisateur pour enregistrer des fichiers \u00ab&nbsp;cookies&nbsp;\u00bb sur son disque dur.<\/p>\n\n\n\n<p><em>Opposition de l\u2019utilisateur \u00e0 l\u2019utilisation de fichiers \u00ab&nbsp;cookies&nbsp;\u00bb par le site<\/em><\/p>\n\n\n\n<p>II est port\u00e9 \u00e0 la connaissance de l\u2019utilisateur qu\u2019il peut s\u2019opposer \u00e0 l\u2019enregistrement de ces fichiers \u00ab cookies \u00bb en configurant son logiciel de navigation.<\/p>\n\n\n\n<p>&nbsp;Pour information, l\u2019utilisateur peut trouver aux adresses suivantes les d\u00e9marches \u00e5 suivre afin de configurer son logiciel de navigation pour s\u2019opposer l\u2019enregistrement des fichiers \u00ab&nbsp;cookies&nbsp;\u00bb :&nbsp;<\/p>\n\n\n\n<ul class=\"wp-block-list\">\n<li>Chrome : https:\/\/support.google.com\/accounts\/answer\/61416?hl=fr<\/li>\n\n\n\n<li>Firefox : https:\/\/support.mozilla.org\/fr\/kb\/enable-and-disable-cookies-website-preferences<\/li>\n\n\n\n<li>Internet Explorer : https:\/\/support.microsoft.com\/fr-fr\/help\/17442\/windows-internet-explorer-delete-manage-cookies<\/li>\n\n\n\n<li>Opera :&nbsp;<a href=\"http:\/\/www.opera.com\/help\/tutorials\/security\/cookies\/\">http:\/\/www.opera.com\/help\/tutorials\/security\/cookies\/<\/a><\/li>\n<\/ul>\n\n\n\n<p>Dans le cas o\u00f9 l\u2019utilisateur d\u00e9cide de d\u00e9sactiver les fichiers \u00ab&nbsp;cookies&nbsp;\u00bb, il pourra poursuivre sa navigation sur le site. Toutefois, tout dysfonctionnement du site provoqu\u00e9 par cette manipulation ne pourrait \u00eatre consid\u00e9r\u00e9 comme \u00e9tant du fait de l\u2019\u00e9diteur du site.<\/p>\n\n\n\n<p><em>Description des fichiers \u00ab&nbsp;cookies&nbsp;\u00bb utilis\u00e9s par le site :<\/em><\/p>\n\n\n\n<p>L\u2019\u00e9diteur du site attire l\u2019attention de l\u2019utilisateur sur le fait que les cookies suivants sont utilis\u00e9s lors de sa navigation :<\/p>\n\n\n\n<p>Nom du Cookie : Google Analytics, Facebook<\/p>\n\n\n\n<p>Finalit\u00e9 : Analyse des habitudes de navigation<\/p>\n\n\n\n<p><strong>ARTICLE 7 : CONDITIONS DE MODIFICATION DE LA POLITIQUE DE CONFIDENTIALIT\u00c9 :<\/strong><\/p>\n\n\n\n<p>La pr\u00e9sente politique de confidentialit\u00e9 peut \u00eatre consult\u00e9e \u00e0 tout moment \u00e0 l\u2019adresse ci-apr\u00e8s indiqu\u00e9e :&nbsp;https:\/\/eleabymira.com\/politique-de-confidentialite\/<\/p>\n\n\n\n<p>L\u2019\u00e9diteur du site se r\u00e9serve le droit de la modifier afin de garantir sa conformit\u00e9 avec le droit en vigueur<\/p>\n\n\n\n<p>Par cons\u00e9quent, L\u2019utilisateur est invit\u00e9 \u00e0 venir consulter r\u00e9guli\u00e8rement cette politique de confidentialit\u00e9 afin de se tenir inform\u00e9 des derniers changements qui lui seront apport\u00e9s.<\/p>\n\n\n\n<p>II est port\u00e9 \u00e0 Ia connaissance de l\u2019utilisateur que la derni\u00e8re mise \u00e0 jour de la pr\u00e9sente politique de confidentialit\u00e9 est intervenue le : 07\/03\/2025.<\/p>\n","protected":false},"excerpt":{"rendered":"<p>ARTICLE 1 : PR\u00c9AMBULE :Cette politique de confidentialit\u00e9 s\u2019applique au site : eleabymira.com. La pr\u00e9sente politique de confidentialit\u00e9 a pour but d\u2019exposer aux utilisateurs du site : Cette politique de confidentialit\u00e9 compl\u00e8te les mentions l\u00e9gales et les Conditions G\u00e9n\u00e9rales d\u2019Utilisation que les utilisateurs peuvent consulter \u00e5 l\u2019adresse ci-apr\u00e8s : ARTICLE 2 : PRINCIPES G\u00c9N\u00c9RAUX EN [&hellip;]<\/p>\n","protected":false},"author":1,"featured_media":0,"parent":0,"menu_order":0,"comment_status":"closed","ping_status":"closed","template":"","meta":{"site-sidebar-layout":"default","site-content-layout":"","ast-site-content-layout":"default","site-content-style":"default","site-sidebar-style":"default","ast-global-header-display":"","ast-banner-title-visibility":"","ast-main-header-display":"","ast-hfb-above-header-display":"","ast-hfb-below-header-display":"","ast-hfb-mobile-header-display":"","site-post-title":"","ast-breadcrumbs-content":"","ast-featured-img":"","footer-sml-layout":"","theme-transparent-header-meta":"","adv-header-id-meta":"","stick-header-meta":"","header-above-stick-meta":"","header-main-stick-meta":"","header-below-stick-meta":"","astra-migrate-meta-layouts":"set","ast-page-background-enabled":"default","ast-page-background-meta":{"desktop":{"background-color":"","background-image":"","background-repeat":"repeat","background-position":"center center","background-size":"auto","background-attachment":"scroll","background-type":"","background-media":"","overlay-type":"","overlay-color":"","overlay-gradient":""},"tablet":{"background-color":"","background-image":"","background-repeat":"repeat","background-position":"center center","background-size":"auto","background-attachment":"scroll","background-type":"","background-media":"","overlay-type":"","overlay-color":"","overlay-gradient":""},"mobile":{"background-color":"","background-image":"","background-repeat":"repeat","background-position":"center center","background-size":"auto","background-attachment":"scroll","background-type":"","background-media":"","overlay-type":"","overlay-color":"","overlay-gradient":""}},"ast-content-background-meta":{"desktop":{"background-color":"var(--ast-global-color-5)","background-image":"","background-repeat":"repeat","background-position":"center center","background-size":"auto","background-attachment":"scroll","background-type":"","background-media":"","overlay-type":"","overlay-color":"","overlay-gradient":""},"tablet":{"background-color":"var(--ast-global-color-5)","background-image":"","background-repeat":"repeat","background-position":"center center","background-size":"auto","background-attachment":"scroll","background-type":"","background-media":"","overlay-type":"","overlay-color":"","overlay-gradient":""},"mobile":{"background-color":"var(--ast-global-color-5)","background-image":"","background-repeat":"repeat","background-position":"center center","background-size":"auto","background-attachment":"scroll","background-type":"","background-media":"","overlay-type":"","overlay-color":"","overlay-gradient":""}},"footnotes":""},"class_list":["post-946","page","type-page","status-publish","hentry"],"_links":{"self":[{"href":"https:\/\/eleabymira.com\/index.php\/wp-json\/wp\/v2\/pages\/946","targetHints":{"allow":["GET"]}}],"collection":[{"href":"https:\/\/eleabymira.com\/index.php\/wp-json\/wp\/v2\/pages"}],"about":[{"href":"https:\/\/eleabymira.com\/index.php\/wp-json\/wp\/v2\/types\/page"}],"author":[{"embeddable":true,"href":"https:\/\/eleabymira.com\/index.php\/wp-json\/wp\/v2\/users\/1"}],"replies":[{"embeddable":true,"href":"https:\/\/eleabymira.com\/index.php\/wp-json\/wp\/v2\/comments?post=946"}],"version-history":[{"count":6,"href":"https:\/\/eleabymira.com\/index.php\/wp-json\/wp\/v2\/pages\/946\/revisions"}],"predecessor-version":[{"id":1434,"href":"https:\/\/eleabymira.com\/index.php\/wp-json\/wp\/v2\/pages\/946\/revisions\/1434"}],"wp:attachment":[{"href":"https:\/\/eleabymira.com\/index.php\/wp-json\/wp\/v2\/media?parent=946"}],"curies":[{"name":"wp","href":"https:\/\/api.w.org\/{rel}","templated":true}]}}